{"id":97,"date":"2023-06-24T17:00:36","date_gmt":"2023-06-24T17:00:36","guid":{"rendered":"https:\/\/pink.ultimatepatagonia.com\/?page_id=97"},"modified":"2023-10-19T14:09:12","modified_gmt":"2023-10-19T14:09:12","slug":"equipment","status":"publish","type":"page","link":"https:\/\/www.patagonianexpeditionrace.com\/es\/equipment","title":{"rendered":"Equipamiento"},"content":{"rendered":"<p><\/p>\n<style>\n#bannerPage {\nbackground-image: url('https:\/\/cdn.racingpatagonia.com\/expedition\/slides\/slideshow_21_PatagoniaChileExpeditionRace.jpg') !important;\nbackground-position: 0em 0em;\n}\n.container {\n    max-width: none;\n    margin: 0 auto !important;\n    padding: 0;\n}\n.tableCatz {\nfont-size: 15px !important;\n}\ntd {\npadding: 3px !important;\n}\n.primeroRowz {\nfont-size: 18px !important;\n}\n.primeroColumnz {\nfont-size: 16px !important;\n}\n.tableStylingz {\nwidth: fit-content;\n}\n#backgroundChangeEquipment {\nbackground-color: #617020 !important;\ncolor: #fff;\ntext-shadow: 1px 1px 1px #000, 1px 1px 1px #000;\nfont-size: 13px;\npadding: 0px 10px !important;\n}\n.cellYellow {\npadding: 10px !important;\nbackground-color:#f8dc55;\ntext-align: left;\nvertical-align: top;\nfont-family: Futura;\n}\n.cellBlack {\npadding: 10px !important;\nbackground-color:#515151;\ntext-align: left;\nvertical-align: top;\nfont-family: Futura;\n}\n.cellBlackFont {\ncolor: #fff;\n}\n.tabPaddingz {\npadding: 10px 1px 10px 1px !important;\nfont-family: \"Futura\";\nfont-weight: normal;\n-webkit-font-smoothing: antialiased;\n-moz-osx-font-smoothing: grayscale !important;\nfont-size: 20px;\nborder: 1px solid #000;\nbackground-color: #fffbde;\ncolor: #000;\ntext-align: center;\nwidth: 50%;\ntext-transform: uppercase;\n}\n.titleFontz {\ncolor: #ffd806;\ntext-shadow: 1px 1px 1px #000;\nfont-size: 30px;\n}\nli {\nfont-size: 15px;\n}\n.footerRowz {\nbackground-color: #fffbde;\n}\n.strongYellow {\ncolor:#fcdc2a;\ntext-shadow: 1px 1px 1px #000;\n}\n.strongRed {\ncolor:#f00;\n}\n.subHeaderFont {\nfont-family: 'Futura';\nfont-size: 13px;\nfont-weight: bold;\ntext-align: center;\nmargin: 10px 0px !important;\ncolor: #000;\n}\n#lastNotes {\nmargin-top: 50px;\ntext-align: center;\nfont-size: 30px;\ntext-decoration: underline #000;\ncolor: #000;\nletter-spacing: 2px;\nfont-family: '28_days_later';\ntext-shadow: 1px 1px 1px #fcdc2a, 1px 1px 1px #fcdc2a;\nwhite-space: nowrap;\n}\n#lastNotesContainer {\nmargin: 40px;\n}\n#lastNotesContainer:before {\n    background: linear-gradient(270deg,hsla(0,0%,100%,0),#000 50%,hsla(0,0%,100%,0));\n    content: \"\";\n    height: 2px;\n    left: 0;\n    position: absolute;\n    margin-top: -25px;\n    width: 100%;\n}\n#lastNotesContainer:after {\n    background: linear-gradient(270deg,hsla(0,0%,100%,0),#000 50%,hsla(0,0%,100%,0));\n    content: \"\";\n    height: 2px;\n    left: 0;\n    position: absolute;\n    width: 100%;\n    margin-top: 10px;\n}\n.fontzRed {\nfont-size: 13px;\ntext-align: center;\ncolor: #F00;\nfont-family: 'Futura';\nfont-weight: normal;\n-webkit-font-smoothing: antialiased;\n-moz-osx-font-smoothing: grayscale !important;\n}\n@media screen and (max-width: 736px) {\n#bannerPage {\nbackground-position: 50%; !important;\n}\n}\n@media screen and (max-width: 480px) { \n#bannerPage {\nbackground-position: 50%; !important;\n}\n}\n<\/style>\n<div class=\"titleFontzContainer\">\n<h3 class=\"titleFontz\" style=\"color:#000;text-shadow:0px 0px 1px #fff;\">Equipamiento Obligatorio<\/h3>\n<\/div>\n<p><\/p>\n<div style=\"margin:0px 15px;\">\n<p class=\"fontz\">El siguiente listado de equipamiento ser\u00e1 exigido en <strong>PATAGONIAN EXPEDITION RACE<sup>\u00ae<\/sup><\/strong>. Antes de la carrera, la organizaci\u00f3n revisar\u00e1 detalladamente a todos los equipos cada uno de estos materiales. Los competidores deber\u00e1n estar familiarizados y certificar que dominan el uso de estos equipos y elementos. Las regulaciones relacionadas con el equipamiento se encuentran descritas en el <a href=\"https:\/\/patagonianexpeditionrace.com\/es\/rules-and-regulations\/#Art\u00edculo_17\" target=\"_blank\" rel=\"noopener noreferrer\">REGLAMENTO<\/a> del <strong>PATAGONIAN EXPEDITION RACE<sup>\u00ae<\/sup><\/strong>.<\/p>\n<p class=\"fontzRed\" style=\"padding:20px 0px;margin-bottom: -20px;\">\u00a1La lista de equipamiento oficial para <strong><u>PATAGONIAN EXPEDITION RACE\u00ae 2024<\/u><\/strong> ser\u00e1 actualizada pronto!<\/p>\n<p class=\"fontz\"><strong>Equipamiento personal:<\/strong>\u00a0Este debe ser portado y transportado en todo momento por cada individuo del equipo, pues es personal e intransferible, adem\u00e1s podr\u00e1 ser solicitado para su revisi\u00f3n por miembros de la organizaci\u00f3n en cualquier etapa de la carrera. Si un corredor no cumple con esta disposici\u00f3n podr\u00e1 ser penalizado o descalificado seg\u00fan corresponda (<a href=\"https:\/\/patagonianexpeditionrace.com\/es\/rules-and-regulations\/#Art\u00edculo_38\" target=\"_blank\" rel=\"noopener noreferrer\">Articulo 38, Reglamento<\/a> <strong>PATAGONIAN EXPEDITION RACE<sup>\u00ae<\/sup><\/strong>).<\/p>\n<p class=\"fontz\"><strong>Equipamiento grupal: <\/strong>Este equipamiento puede ser distribuido entre los miembros del equipo o ser transportado por uno de ellos. Podr\u00e1 ser solicitado para su revisi\u00f3n por miembros de la organizaci\u00f3n en cualquier etapa de la carrera. Si un equipo no cumple con esta disposici\u00f3n podr\u00e1 ser penalizado o descalificado seg\u00fan corresponda (<a href=\"https:\/\/patagonianexpeditionrace.com\/es\/rules-and-regulations\/#Art\u00edculo_38\" target=\"_blank\" rel=\"noopener noreferrer\">Articulo 38, Reglamento<\/a> <strong>PATAGONIAN EXPEDITION RACE<sup>\u00ae<\/sup><\/strong>).<\/p>\n<p class=\"fontz\"><strong><strong>NOTA<\/strong>: La organizaci\u00f3n se reserva el derecho de cambiar este listado por razones de seguridad, log\u00edstica, clima u otras en cualquier momento.<\/p>\n<\/div>\n<table class=\"tableStylingz\">\n<tbody>\n<tr class=\"primeroRowz\">\n<td colspan=\"2\"><span class=\"titleFontz\">EQUIPAMIENTO DURANTE TODA LA CARRERA<\/span><\/td>\n<\/tr>\n<tr>\n<td colspan=\"1\" class=\"tabPaddingz\">Personal<\/td>\n<td colspan=\"1\" class=\"tabPaddingz\">Grupal<\/td>\n<\/tr>\n<tr>\n<td class=\"cellYellow\">\n<ul>\n<li>1\u00a0 Linterna frontal (ampolleta de repuesto)<\/li>\n<li>1\u00a0\u00a0Mochila (todo el equipo debe entrar en la mochila, no est\u00e1 permitido transportar equipamiento en el exterior, excepto la carpa si es necesario)<\/li>\n<li>1\u00a0\u00a0Silbato de auxilio<\/li>\n<li>1\u00a0\u00a0Par de bastones de trekking <strong class=\"strongRed\">(Recomendado)<\/strong><\/li>\n<li>1\u00a0\u00a0Saco de dormir (sint\u00e9tico y certificado para 0\u00b0C zona confortable) se recomienda transportarlo en bolsa seca<\/li>\n<li>1\u00a0Chaqueta respirable e impermeable<\/li>\n<li>1\u00a0Chaqueta (polar, primaloft o similar)<\/li>\n<li>1\u00a0Primera capa (arriba y abajo) manga larga<\/li>\n<li>1\u00a0Pantalones trekking<\/li>\n<li>1\u00a0Par de guantes (se recomienda softshell)<\/li>\n<li>1\u00a0Gorro de abrigo o Buff<\/li>\n<li>1\u00a0Gorro para el sol<\/li>\n<li>1\u00a0Par polainas<\/li>\n<li>1 Par de gafas de sol<\/li>\n<li>1 Camiseta oficial de corredor,\u00a0<strong class=\"strongRed\">proporcionado por la organizaci\u00f3n<\/strong><\/li>\n<\/ul>\n<\/td>\n<td class=\"cellBlack\">\n<ul>\n<li class=\"cellBlackFont\">1\u00a0Carpa para 4 personas (M\u00ednimo: 2.5m\u00b2) o 2 carpas para 2 personas (M\u00ednimo: 1.5m\u00b2).<\/li>\n<li class=\"cellBlackFont\">2 Br\u00fajulas con opci\u00f3n declinar<\/li>\n<li class=\"cellBlackFont\">1 Set de mapas del \u00e1rea de carrera\u00a0<strong style=\"color:#fcdc2a;\">proporcionados por la organizaci\u00f3n<\/strong><\/li>\n<li class=\"cellBlackFont\">1\u00a0Tel\u00e9fono satelital Iridium (solo para emergencias). Bloqueado, s\u00f3lo se podr\u00e1 realizar llamadas a los n\u00fameros liberados por la organizaci\u00f3n<\/li>\n<li class=\"cellBlackFont\">1 GPS (sellado por la organizaci\u00f3n para estar utilizado cuando un equipo se retira del evento), <strong class=\"strongYellow\">no se permite relojes de GPS<\/strong>. El equipo tiene que proporcionar el software y cable para cargar la ruta en sus GPS. Si un miembro de la organizaci\u00f3n determina que un equipo lo abri\u00f3, el equipo estar\u00e1 descalificado. <\/li>\n<li class=\"cellBlackFont\">2 Bengalas de Mano<\/li>\n<li class=\"cellBlackFont\">2\u00a0Espejos para rescate (puede ser el de la br\u00fajula)<\/li>\n<li class=\"cellBlackFont\">1 Botiqu\u00edn de primeros auxilios <strong class=\"strongYellow\">*<\/strong><\/li>\n<li class=\"cellBlackFont\">1\u00a0Bolsa resistente para basura (se descarga en cada PC)<\/li>\n<li class=\"cellBlackFont\"><strong style=\"color:#fcdc2a;\">1\u00a0Bandera de cada naci\u00f3n representada en el equipo<\/strong><\/li>\n<\/ul>\n<\/td>\n<\/tr>\n<tr>\n<td colspan=\"2\" class=\"fontz footerRowz\">\n<p class=\"subHeaderFont\"><strong>*<\/strong> El listado completo del botiqu\u00edn de primeros auxilios ser\u00e1 enviado antes que el evento a los capitanes de equipos inscritos.<\/p>\n<\/td>\n<\/tr>\n<tbody>\n<tr class=\"primeroRowz\">\n<td colspan=\"2\"><span class=\"titleFontz\">PARA LOS TRAMOS EN KAYAK DE TRAVESIA<\/span><\/td>\n<\/tr>\n<tr>\n<td colspan=\"1\" class=\"tabPaddingz\">Personal<\/td>\n<td colspan=\"1\" class=\"tabPaddingz\">Grupal<\/td>\n<\/tr>\n<tr>\n<td class=\"cellYellow\">\n<ul>\n<li>1 Remo para kayak de traves\u00eda<\/li>\n<li>1 Traje seco de una pieza (Trajes de neopreno NO estar\u00e1n permitidos)<\/li>\n<li>1\u00a0Chaleco salvavidas (Europa EN 393 (50N) \/\/ US.C.G tipo III )<\/li>\n<li>1 Silbato de auxilio fijado al salvavidas<\/li>\n<li>1 Cuchillo n\u00e1utico de hoja fija con funda de protecci\u00f3n (NO de hoja plegable) fijado al salvavidas o al exterior del kayak<\/li>\n<\/ul>\n<\/td>\n<td class=\"cellBlack\">\n<ul>\n<li class=\"cellBlackFont\">2 Radios VHF (con canal 16, banda marina y bolsa a prueba de agua)<\/li>\n<li class=\"cellBlackFont\">1\u00a0Remo de emergencia, separable en dos partes (se lleva una parte por kayak)<\/li>\n<li class=\"cellBlackFont\">2 Luces estrobosc\u00f3picas impermeables<\/li>\n<li class=\"cellBlackFont\">2 Kayaks dobles Necky Amaruk, <strong style=\"color:#fcdc2a;\">proporcionado por la organizaci\u00f3n<\/strong><\/li>\n<li class=\"cellBlackFont\">4 Faldones <strong style=\"color:#fcdc2a;\">(50cm * 86cm)<\/strong><\/li>\n<li class=\"cellBlackFont\">2\u00a0Recipientes para sacar agua, <strong style=\"color:#fcdc2a;\">proporcionado por la organizaci\u00f3n<\/strong><\/li>\n<li class=\"cellBlackFont\">2\u00a0Flotadores para remo, <strong style=\"color:#fcdc2a;\">proporcionado por la organizaci\u00f3n<\/strong><\/li>\n<li class=\"cellBlackFont\">2 Bombas manuales de achique<\/li>\n<li class=\"cellBlackFont\">2\u00a0Cuerdas de remolque, espec\u00edficamente para kayak de traves\u00eda, con sistema de \u00abquick-release\u00bb de m\u00ednimo 16 metros de largo. En una bolsa fija al kayak o bien en un bolso a la cintura. (Para ver ejemplo en ingles, buscar por \u201cSea Kayak Throw Line\u201d)<\/li>\n<\/ul>\n<\/td>\n<\/tr>\n<\/tbody>\n<tbody>\n<tr class=\"primeroRowz\">\n<td colspan=\"2\"><span class=\"titleFontz\">PARA LOS TRAMOS EN BICICLETA DE MONTANA<\/span><\/td>\n<\/tr>\n<tr>\n<td colspan=\"1\" class=\"tabPaddingz\">Personal<\/td>\n<td colspan=\"1\" class=\"tabPaddingz\">Grupal<\/td>\n<\/tr>\n<tr>\n<td class=\"cellYellow\">\n<ul>\n<li>1 Mountain bike or tandem (tandems are not recommended by the organization)\n<ul>\n<\/p>\n<li>1 Bicicleta de monta\u00f1a\n<ul>\n<\/p>\n<li>El tipo de bicicleta requerida para la expedici\u00f3n, sin importar la marca, debe ser una mountain bike (MTB) CERTIFICADA. Permitiremos el uso de bicicletas ciclocross (tales como Niner RLT9 o Slate Ultegra), pero es muy importante considerar lo siguiente:<br \/>\n<\/p>\n<ol>\n<li>El uso de una bicicleta no tradicional de monta\u00f1a ser\u00e1 decisi\u00f3n y responsabilidad de cada participante. Se ha recomendado a todos los competidores utilizar bicicletas de monta\u00f1a por ende no se permitir\u00e1n cambios una vez comenzada la carrera.<\/li>\n<li>En caso que alg\u00fan participante desee utilizar una ciclocross u otra bicicleta del mismo estilo, por favor, enviar esa informaci\u00f3n por correo electr\u00f3nico: <a href=\"mailto:info@patagonianexpeditionrace.com\">info@patagonianexpeditionrace.com<\/a> con la marca, modelo y especificaciones para su aprobaci\u00f3n.<\/li>\n<\/ol>\n<\/li>\n<\/ul>\n<\/li>\n<li>1 Casco certificado<\/li>\n<li>1 Luz delantera blanca<\/li>\n<li>1 Luz trasera roja<\/li>\n<\/ul>\n<\/td>\n<td class=\"cellBlack\">\n<p class=\"subHeaderFont\" style=\"font-style:italic;color:#fff;\"><strong class=\"strongYellow\">NOTA:<\/strong> Recomendado, bajo su responsabilidad recordando que no se permite apoyo externo<\/p>\n<ul>\n<li class=\"cellBlackFont\">1 Bombin compatible<\/li>\n<li class=\"cellBlackFont\">1 Juego de herramientas completo para bicicleta de monta\u00f1a<\/li>\n<li class=\"cellBlackFont\">2 C\u00e1maras de repuesto y juego de reparaci\u00f3n<\/li>\n<li class=\"cellBlackFont\">2 Od\u00f3metros (indicando Kil\u00f3metros) &#8211; <strong style=\"color:#fcdc2a;\"><u>NO GPS<\/u><\/strong><\/li>\n<li class=\"cellBlackFont\">Otros seg\u00fan su equipamiento<\/li>\n<\/ul>\n<\/td>\n<\/tr>\n<\/tbody>\n<tbody>\n<tr class=\"primeroRowz\">\n<td colspan=\"2\"><span class=\"titleFontz\">PARA TRAMOS DE TREKKING DE MONTANA<\/span><\/td>\n<\/tr>\n<tr>\n<td colspan=\"1\" class=\"tabPaddingz\">Personal<\/td>\n<td colspan=\"1\" class=\"tabPaddingz\">Grupal<\/td>\n<\/tr>\n<tr>\n<td class=\"cellYellow\">\n<ul>\n<li>1 Climbing or multisport helmet, (can be the same helmet used for the bike section, but  be homologated for MTB and be UIAA certified.<\/li>\n<li>1 Casco certificado de escalada (puede ser el mismo casco de la secci\u00f3n de bicicleta), pero <strong style=\"color:#f00;\">DEBE<\/strong> estar homologado para MTB. (UIAA)<\/li>\n<li>1 Arn\u00e9s de cintura certificado para escalada (UIAA)<\/li>\n<li>1 Mosquetones con seguro (UIAA)<\/li>\n<li>1 Cord\u00edn de 6mm de di\u00e1metro y 2 metros de largo (UIAA)<\/li>\n<li>1 Par de ice spikes o crampones o cualquiera similar<\/li>\n<\/ul>\n<\/td>\n<td class=\"cellBlack\">\n<ul>\n<li class=\"cellBlackFont\">1 Ascendedor (M\u00ednimo 1) con cinta para asegurar arn\u00e9s (UIAA) <strong style=\"color:#fcdc2a;\">(tiblok est\u00e1 prohibido)<\/strong><\/li>\n<li class=\"cellBlackFont\">1 Cabo de anclaje doble (cinta \u00abY\u00bb ejemplo) o 1 Cabo de anclaje o 1 cinta daisy (UIAA)<\/li>\n<li class=\"cellBlackFont\">1 Descendedor (M\u00ednimo 1) (aprobado por UIAA , el \u00ab8\u00bb NO est\u00e1 permitido)<\/li>\n<li class=\"cellBlackFont\">2 Piolet de treavs\u00eda (UIAA) (M\u00ednimo 2)<\/li>\n<li class=\"cellBlackFont\">1 Cuerda de 8mm de di\u00e1metro con 30 metros de largo (tama\u00f1o m\u00ednimo) (UIAA)<\/li>\n<\/ul>\n<\/td>\n<\/tr>\n<tr>\n<td colspan=\"2\" class=\"fontz footerRowz\">\n<p class=\"subHeaderFont\" style=\"font-style:italic;\"><strong>* NOTA:<\/strong> Todos el equipamiento de cuerdas deber ser certificado por la UIAA<\/strong><\/p>\n<\/td>\n<\/tr>\n<\/tbody>\n<tbody>\n<tr class=\"primeroRowz\">\n<td colspan=\"2\"><span class=\"titleFontz\">PARA EL TRANSPORTE DE TODA SU CARGA<\/span><\/td>\n<\/tr>\n<tr>\n<td colspan=\"2\" class=\"fontz footerRowz\">\n<p class=\"subHeaderFont\" style=\"text-decoration:underline;\">En cada bolso deben entrar todos los implementos de los cuatro integrantes del equipo. La organizaci\u00f3n no aceptar\u00e1 m\u00e1s bolsos que que los citados a continuaci\u00f3n:<\/p>\n<\/td>\n<\/tr>\n<tr>\n<td colspan=\"2\" class=\"cellBlack\">\n<ul>\n<li class=\"cellBlackFont\">1 bolso (largo) para transportar todo el equipamiento para los tramos de agua (salva vidas, trajes secos, todos los remos, etc.) de todo el equipo<\/li>\n<li class=\"cellBlackFont\"><strong style=\"color:#fcdc2a;\">*<\/strong> 1 bolso para cargar todos los remos (el bolso se deber\u00e1 cerrar adecuadamente, con todos los remos juntos). Tambi\u00e9n, los equipos podr\u00e1n optar por utilizar el mismo bolso para cargar todo el equipamiento de kayak incluyendo los remos. <\/li>\n<li class=\"cellBlackFont\">1 bolso para transportar todo el equipamiento para los tramos en bicicleta de monta\u00f1a<\/li>\n<li class=\"cellBlackFont\">4 Cajas o maletas pl\u00e1sticas rigidas o flexibles para las bicicletas. No se aceptar\u00e1n cajas de cart\u00f3n.<\/li>\n<li class=\"cellBlackFont\">1 bolso para transportar todo el equipamiento para los tramos de trekking de monta\u00f1a<\/li>\n<li class=\"cellBlackFont\">5 bolsos para transportar elementos varios y los alimentos para toda la carrera (tama\u00f1o m\u00e1ximo 100ltr.). Esos bolsos son principalmente para comida y alimento. Tambi\u00e9n estar\u00e1 permitido utilizarlos para guardar pilas, ropa, gas, etc. <\/li>\n<li class=\"cellBlackFont\">1 bolso para transportar art\u00edculos varios y ropa de recambio para el final de la carrera.<\/li>\n<\/ul>\n<\/td>\n<\/tr>\n<tr>\n<td colspan=\"2\" class=\"fontz footerRowz\">\n<p class=\"subHeaderFont\">* Ser\u00e1 opcional guardar los remos en el bolso de equipamiento de kayak.<\/p>\n<\/td>\n<\/tr>\n<tr>\n<td colspan=\"2\" class=\"cellYellow\">\n<ul>\n<li><u>NOTA:<\/u> El transporte de todos estos bultos estar\u00e1 a cargo de la organizaci\u00f3n. Por favor aseg\u00farese de que los bolsos cierren bien y que nada pueda perderse. No debe haber elementos amarrados en la parte exterior del bolso. Tambi\u00e9n est\u00e1 prohibido utilizar bolsas de basura.<\/li>\n<\/ul>\n<\/td>\n<\/tr>\n<\/tbody>\n<\/table>\n<div id=\"lastNotesContainer\">\n<p id=\"lastNotes\"><strong style=\"font-family:Futura;\">*<\/strong> NOTAS FINALES <strong style=\"font-family:Futura;\">*<\/strong><\/p>\n<p class=\"fontz\" style=\"text-align: center;\"><strong>*<\/strong> Estar\u00e1 prohibido hacer fuego o fogatas, de ser as\u00ed el equipo resultar\u00e1 autom\u00e1ticamente descalificado.<\/p>\n<p class=\"fontz\" style=\"text-align: center;\"><strong>*<\/strong> Por razones de seguridad, NO est\u00e1 permitido utilizar Pack Raft.<\/p>\n<p class=\"fontz\" style=\"text-align: center;\">Por favor, enviar todas sus preguntas y consultas sobre el equipamento a <a href=\"mailto:info@patagonianexpeditionrace.com\">info@patagonianexpeditionrace.com<\/a>.<\/p>\n<\/div>\n<p><\/p>","protected":false},"excerpt":{"rendered":"<p>Equipamiento Obligatorio El siguiente listado de equipamiento ser\u00e1 exigido en PATAGONIAN EXPEDITION RACE\u00ae. Antes de la carrera, la organizaci\u00f3n revisar\u00e1 detalladamente a todos los equipos cada uno de estos materiales. Los competidores deber\u00e1n estar familiarizados y certificar que dominan el uso de estos equipos y elementos. Las regulaciones relacionadas con el equipamiento se encuentran descritas [&hellip;]<\/p>\n","protected":false},"author":1,"featured_media":0,"parent":0,"menu_order":0,"comment_status":"closed","ping_status":"closed","template":"","meta":[],"_links":{"self":[{"href":"https:\/\/www.patagonianexpeditionrace.com\/es\/wp-json\/wp\/v2\/pages\/97"}],"collection":[{"href":"https:\/\/www.patagonianexpeditionrace.com\/es\/wp-json\/wp\/v2\/pages"}],"about":[{"href":"https:\/\/www.patagonianexpeditionrace.com\/es\/wp-json\/wp\/v2\/types\/page"}],"author":[{"embeddable":true,"href":"https:\/\/www.patagonianexpeditionrace.com\/es\/wp-json\/wp\/v2\/users\/1"}],"replies":[{"embeddable":true,"href":"https:\/\/www.patagonianexpeditionrace.com\/es\/wp-json\/wp\/v2\/comments?post=97"}],"version-history":[{"count":30,"href":"https:\/\/www.patagonianexpeditionrace.com\/es\/wp-json\/wp\/v2\/pages\/97\/revisions"}],"predecessor-version":[{"id":322,"href":"https:\/\/www.patagonianexpeditionrace.com\/es\/wp-json\/wp\/v2\/pages\/97\/revisions\/322"}],"wp:attachment":[{"href":"https:\/\/www.patagonianexpeditionrace.com\/es\/wp-json\/wp\/v2\/media?parent=97"}],"curies":[{"name":"wp","href":"https:\/\/api.w.org\/{rel}","templated":true}]}}