{"id":51,"date":"2023-06-23T21:27:21","date_gmt":"2023-06-23T21:27:21","guid":{"rendered":"https:\/\/pink.ultimatepatagonia.com\/?page_id=51"},"modified":"2024-02-29T19:50:06","modified_gmt":"2024-02-29T19:50:06","slug":"frequently-asked-questions","status":"publish","type":"page","link":"https:\/\/www.patagonianexpeditionrace.com\/es\/frequently-asked-questions","title":{"rendered":"Preguntas Frecuentes"},"content":{"rendered":"<p><\/p>\n<style>\n#bannerPage {\nbackground-image: url('https:\/\/cdn.racingpatagonia.com\/expedition\/slides\/slideshow_18_PatagoniaChileExpeditionRace.jpg') !important;\nbackground-position: 0em 0em;\n}\n.container {\n    max-width: none;\n    margin: 0 auto !important;\n    padding: 0;\n}\n.clickHideSpan {\nfloat: right;\nfont-size: 10px;\nposition: relative;\ntop: 5px;\n}\n.newJsSpoiler {\nwidth: auto;\noverflow: hidden;\nfont-family: Futura;\ncolor: #ffd800;\nbackground-color: #000 !important;\nfont-size: 14px;\npadding: 8px 8px 8px 15px;\ntext-shadow: 1px 1px 1px #000;\nborder: 0.1em solid #000;\ntext-rendering: geometricPrecision;\n-webkit-font-smoothing: antialiased;\n-moz-osx-font-smoothing: grayscale !important;\nfont-weight: bold;\nletter-spacing: 1px;\ntext-align: left;\nmargin: 10px 0px 0px 0px;\nborder-radius: 2px;\n}\n.newJsSpoiler:hover {\ncolor: #fff !important; \npadding: 8px 8px 8px 15px;\nfont-family: Futura;\nfont-weight: bold;\ntext-shadow: 1px 1px 1px #000;\nbackground-color: #515151 !important;\nfont-size: 14px;\nletter-spacing: 1px;\ncursor: pointer;\n}\n.newJsSpoiler > span:hover {\ncolor: #f6d606 !important;\n}\n.fontChangeTable {\ncolor: #272f15;\ntext-shadow: 1px 1px 2px #fff;\nfont-size: 15px;\npadding: 6px 4px 2px 4px !important;\n}\n#questionContainer {\nwidth: 100%;\nmargin: auto auto;\ntext-align: center;\ndisplay: block;\nmargin-bottom: 25px;\nmargin-top: -50px;\n}\n.marginBottomz {\nmargin-bottom: -20px;\n}\n.primeroRowz {\nfont-size: 18px !important;\n}\n.primeroColumnz {\nfont-size: 16px !important;\n}\n.squeezedLeft {\nmargin-left: 30px;\nmargin-right: 8px;\n}\n.tableStylingz {\nwidth: fit-content;\n}\n\/\/.linkChange {\n\/\/color: #414e22;\n\/\/}\n.fontzLeft {\npadding: 3px 10px;\nfont-family: 'KeepCalm' !important;\nfont-size: 14px;\n}\n.fontzLeftCuatro{\npadding: 3px 10px;\nfont-family: 'KeepCalm' !important;\nmargin-bottom: -25px;\nmargin-top: 5px;\ncolor: #000;\nfont-size: 14px;\ntext-align: left;\n}\n.fontzLeftDos {\npadding: 3px 10px;\nmargin: 3px 15px;\ncolor: #000;\nfont-family: 'KeepCalm' !important;\nfont-size: 14px;\n}\n.fontzLeftTres {\npadding: 10px 10px 0px 10px;\ncolor: #000;\nfont-family: 'KeepCalm' !important;\nfont-size: 14px;\ntext-align: left;\n}\n.tableCatz {\nbackground-color: #515151 !important;\ncolor: #fff !important;\ntext-shadow: 1px 1px 1px #000 !important;\n}\np:last-child {\nmargin: 0px;\n}\n.perTrademark {\nposition: relative;\ntop: 4px;\n}\n@media screen and (max-width: 736px) {\n#bannerPage {\nbackground-position: 0em 0em;\n}\n}\n@media screen and (max-width: 480px) { \n.fontz {\ntext-align: left;\n}\n}\n@media screen and (max-width: 480px) and (orientation: portrait) {\n#bannerPage {\nbackground-position: -34em 0em !important;\n}\n<\/style>\n<p><head><\/p>\n<div>\n<script data-require=\"jquery@*\" data-semver=\"3.0.0\" src=\"https:\/\/cdnjs.cloudflare.com\/ajax\/libs\/jquery\/3.0.0\/jquery.js\"><\/script><br \/>\n<script type=\"text\/javascript\" src=\"https:\/\/www.patagonianexpeditionrace.com\/wp-content\/js\/perpreguntas.js\"><\/script>\n<\/div>\n<p><\/head><\/p>\n<div id=\"questionContainer\">\n<body><\/p>\n<p class=\"fontzLeft\" style=\"margin-top: 20px;padding: 0px 20px;\">Estimados corredores, bienvenidos a la secci\u00f3n de preguntas del Patagonian Expedition Race<sup class=\"perTrademark\">\u00ae<\/sup>, aqu\u00ed pueden encontrar respuestas\u00a0 a todas sus dudas sobre la organizaci\u00f3n en general del evento. Cualquier inquietud adicional puedes contactarnos a\u00a0<a href=\"mailto:info@patagonianexpeditionrace.com\">info@patagonianexpeditionrace.com<\/a>.<\/p>\n<div class=\"titleFontzContainer marginBottomz\">\n<h2 class=\"titleFontz\">Informacion General<\/h2>\n<\/div>\n<div>\n<div id=\"spoilerOne\" class=\"newJsSpoiler\">1. \u00bfCu\u00e1ndo se realizar\u00e1 la pr\u00f3xima edici\u00f3n de Patagonian Expedition Race<sup class=\"perTrademark\">\u00ae<\/sup> take place?<\/div>\n<div class=\"innerDivStylz\">\n<p class=\"fontzLeft\">\u00a1El retorno de Patagonian Expedition Race<sup class=\"perTrademark\">\u00ae<\/sup> ser\u00e1 anunciado pronto! Esta ser\u00e1 la decimocuarta edici\u00f3n de la carrera y tendr\u00e1 una duraci\u00f3n m\u00e1xima de 10 d\u00edas. <\/p>\n<\/div>\n<\/div>\n<div>\n<div id=\"spoilerTwo\" class=\"newJsSpoiler\">2. \u00bfD\u00f3nde tendr\u00e1 lugar?<\/h6>\n<\/div>\n<div class=\"innerDivStylz\">\n<p class=\"fontzLeft\">En el coraz\u00f3n de la Patagonia sur de Chile. La capital regional y lugar de todos los eventos \u00abpre-carrera\u00bb es la ciudad de Punta Arenas.<\/p>\n<\/div>\n<\/div>\n<div>\n<div id=\"spoilerThree\" class=\"newJsSpoiler\">3. \u00bfC\u00f3mo llegar a Punta Arenas?<\/div>\n<div class=\"innerDivStylz\">\n<p class=\"fontzLeft\">Para llegar desde cualquier lugar del mundo, la ruta habitual es haciendo escala en Santiago de Chile, desde ah\u00ed es posible tomar un vuelo de 3 a 4 hrs hasta Punta Arenas, en el extremo sur de la Patagonia.<\/p>\n<\/div>\n<\/div>\n<div>\n<div id=\"spoilerFour\" class=\"newJsSpoiler\">4. \u00bfCu\u00e1l es la ruta de Patagonian Expedition Race<sup class=\"perTrademark\">\u00ae<\/sup><\/div>\n<div class=\"innerDivStylz\">\n<p class=\"fontzLeft\">La ruta de carrera s\u00f3lo se presenta a los equipos 24 horas antes de la partida. En ese momento reciben sus mapas oficiales de carrera y los detalles t\u00e9cnicos de la ruta. Antes de esto, el director de carrera s\u00f3lo entrega algunos lineamientos generales para que los corredores lleguen mejor preparados.<\/p>\n<\/div>\n<\/div>\n<div>\n<div id=\"spoilerFive\" class=\"newJsSpoiler\">5. \u00bfSobre qu\u00e9 terreno se desarrolla la carrera?<\/div>\n<div class=\"innerDivStylz\">\n<p class=\"fontzLeft\">La carrera se desarrolla principalmente a trav\u00e9s de territorios v\u00edrgenes, con vastas extensiones deshabitadas, de gran variedad paisaj\u00edstica y fuertes contrastes clim\u00e1ticos. Es una larga traves\u00eda cruzando monta\u00f1as, bosques, turba, praderas, r\u00edos, bordeando lagos, entrando al \u00e1rea de fiordos, acerc\u00e1ndose a los glaciares que descienden del gran Campo de Hielo Sur, enfrentando diferentes climas y una gran diversidad de ambientes geogr\u00e1ficos.<\/p>\n<\/div>\n<\/div>\n<div>\n<div id=\"spoilerSix\" class=\"newJsSpoiler\">6. \u00bfQu\u00e9 disciplinas incluye Patagonian Expedition Race<sup class=\"perTrademark\">\u00ae<\/sup>?<\/div>\n<div class=\"innerDivStylz\">\n<p class=\"fontzLeft\">Las disciplinas que definen las secciones de carrera son el trekking de monta\u00f1a, el kayak y el mountain bike, siendo habitual dos a tres secciones de cada una de estas disciplinas. Frecuentemente es en las secciones de trekking en las que se marcan las mayores diferencias de tiempo entre los equipos. Adem\u00e1s existen otras disciplinas que son fundamentales, como la orientaci\u00f3n y navegaci\u00f3n con br\u00fajula y mapa, la estrategia, la planificaci\u00f3n y especialmente el trabajo en equipo.<\/p>\n<\/div>\n<\/div>\n<div>\n<div id=\"spoilerSeven\" class=\"newJsSpoiler\">7. \u00bfCu\u00e1les son las distancias de carrera?<\/div>\n<div class=\"innerDivStylz\">\n<p class=\"fontzLeft\">Las distancias de carrera est\u00e1n entre los 600 y 800Km dependiendo de la edici\u00f3n. En general, cada secci\u00f3n independiente, sea trekking, kayak o mountain bike, puede tener distancias de 30 a 150 Km y en algunos casos m\u00e1s.<\/p>\n<\/div>\n<\/div>\n<div>\n<div id=\"spoilerEight\" class=\"newJsSpoiler\">8. \u00bfCu\u00e1nto tiempo dura la carrera?<\/div>\n<div class=\"innerDivStylz\">\n<p class=\"fontzLeft\">Dependiendo de los equipos y la edici\u00f3n, normalmente se necesitan entre 6 y 9 d\u00edas para terminar la carrera.<\/p>\n<\/div>\n<\/div>\n<div>\n<div id=\"spoilerNine\" class=\"newJsSpoiler\">9. \u00bfCu\u00e1ntos equipos terminan?<\/div>\n<div class=\"innerDivStylz\">\n<p class=\"fontzLeft\">Normalmente termina el 50% de los equipos, aunque en el caso del a\u00f1o 2013 s\u00f3lo el 30% complet\u00f3 la ruta.<\/p>\n<\/div>\n<\/div>\n<div>\n<div id=\"spoilerTen\" class=\"newJsSpoiler\">10. \u00bfHay alg\u00fan m\u00ednimo de edad para participar?<\/div>\n<div class=\"innerDivStylz\">\n<p class=\"fontzLeft\">Si, todos los miembros del equipo deben tener 18 a\u00f1os cumplidos al d\u00eda de carrera. <\/p>\n<\/div>\n<\/div>\n<div>\n<div id=\"spoilerEleven\" class=\"newJsSpoiler\">11. \u00bfCu\u00e1les son las razones para no participar despu\u00e9s de ser aceptado?<\/div>\n<div class=\"innerDivStylz\">\n<p class=\"fontzLeftCuatro\">Son causales de impedimento para participar en la carrera:<\/p>\n<ul class=\"fontzLeftTres\">\n<li class=\"fontzLeftDos\">Que un equipo no cuente con todo el material exigido en la lista de equipamiento obligatorio<\/li>\n<li class=\"fontzLeftDos\">Que un equipo no proporcione todos los antecedentes y certificados que acrediten los conocimientos t\u00e9cnicos exigidos para la carrera y el estado de salud compatible con las exigencias f\u00edsicas que demanda este tipo de competencia.<\/li>\n<li class=\"fontzLeftDos\">Que uno o m\u00e1s integrantes de un equipo no se presenten a la evaluaci\u00f3n pr\u00e1ctica de t\u00e9cnicas espec\u00edficas (kayak de mar y cuerdas).<\/li>\n<li class=\"fontzLeftDos\">Que uno o m\u00e1s integrantes de un equipo no presenten el seguro exigido en el art\u00edculo 13 del presente reglamento.<\/li>\n<li class=\"fontzLeftDos\">Si un equipo es rechazado antes del inicio de la carrera, ya sea por equipamiento, evaluaci\u00f3n fallida, etc., no habr\u00e1 reembolso ni se guardar\u00e1 su cupo de inscripci\u00f3n para futuras competencias.<\/li>\n<\/ul>\n<\/div>\n<\/div>\n<div class=\"titleFontzContainer marginBottomz\">\n<h2 class=\"titleFontz\">Las Inscripciones<\/h2>\n<\/div>\n<div>\n<div id=\"spoilerTwelve\" class=\"newJsSpoiler\">1. C\u00faales son las fechas y los precios de los periodos de inscripci\u00f3n?<\/div>\n<div class=\"innerDivStylz\">\n<p class=\"fontzLeft\">Las inscripciones se abrir\u00e1n pr\u00f3ximamente.<\/p>\n<\/div>\n<\/div>\n<div>\n<div id=\"spoilerThirteen\" class=\"newJsSpoiler\">2. Qu\u00e9 incluye el precio de inscripci\u00f3n?<\/div>\n<div class=\"innerDivStylz\">\n<table class=\"aligncenter tableStylingz\" style=\"margin-right:auto;margin-left:auto;\">\n<tbody class=\"pimGrungeYellow\">\n<tr class>\n<td class=\"primeroRowz\">Incluye:<\/td>\n<td class=\"primeroRowz\">No Incluye:<\/td>\n<\/tr>\n<tr>\n<td class=\"tableCatz\">\n<ul class=\"fontzLeftTres\" style=\"color:#fff;text-shadow:1px 1px 1px #000;\">\n<li class=\"fontzLeftDos\" style=\"color:#fff;text-shadow:1px 1px 1px #000;\">Dise\u00f1o y exploraci\u00f3n de ruta<\/li>\n<li class=\"fontzLeftDos\" style=\"color:#fff;text-shadow:1px 1px 1px #000;\">Puestos de control en \u00e1reas estrat\u00e9gicas<\/li>\n<li class=\"fontzLeftDos\" style=\"color:#fff;text-shadow:1px 1px 1px #000;\">Soporte de staff y equipo t\u00e9cnico durante la carrera<\/li>\n<li class=\"fontzLeftDos\" style=\"color:#fff;text-shadow:1px 1px 1px #000;\">Equipos de primeros auxilios, b\u00fasqueda, rescate y evacuaci\u00f3n<\/li>\n<li class=\"fontzLeftDos\" style=\"color:#fff;text-shadow:1px 1px 1px #000;\">Transporte mar\u00edtimo o terrestre en caso de evacuaciones o abandonos.<\/li>\n<li class=\"fontzLeftDos\" style=\"color:#fff;text-shadow:1px 1px 1px #000;\">Transporte Local (Partida y a un Punto Estrat\u00e9gico en el caso de retirarse de carrera)\n<li class=\"fontzLeftDos\" style=\"color:#fff;text-shadow:1px 1px 1px #000;\">Polera oficial <span style=\"color:#fad84a;text-shadow:1px 1px 2px #000, 0px 1px 1px #000, 0px 0px 1px #000\">PATAGONIAN EXPEDITION RACE<sup class=\"perTrademark\">\u00ae<\/sup><\/li>\n<li class=\"fontzLeftDos\" style=\"color:#fff;text-shadow:1px 1px 1px #000;\">Cuello tubular (bandana) oficial <span style=\"color:#fad84a;text-shadow:1px 1px 2px #000, 0px 1px 1px #000, 0px 0px 1px #000\">PATAGONIAN EXPEDITION RACE<sup class=\"perTrademark\">\u00ae<\/sup><\/li>\n<li class=\"fontzLeftDos\" style=\"color:#fff;text-shadow:1px 1px 1px #000;\">N\u00famero y Pasaporte oficial de carrera<\/li>\n<li class=\"fontzLeftDos\" style=\"color:#fff;text-shadow:1px 1px 1px #000;\">Documentos en PDF: Mapa y Perfiles de Carrera<\/li>\n<li class=\"fontzLeftDos\" style=\"color:#fff;text-shadow:1px 1px 1px #000;\">Adhesivos para la identificaci\u00f3n de Bolsas<\/li>\n<\/ul>\n<\/td>\n<td class=\"tableCatz\">\n<ul class=\"fontzLeftTres\" style=\"color:#fff;text-shadow:1px 1px 1px #000;\">\n<li class=\"fontzLeftDos\" style=\"color:#fff;text-shadow:1px 1px 1px #000;\">Transporte desde o hacia Punta Arenas<\/li>\n<li class=\"fontzLeftDos\" style=\"color:#fff;text-shadow:1px 1px 1px #000;\">Equipamiento de Carrera<\/li>\n<li class=\"fontzLeftDos\" style=\"color:#fff;text-shadow:1px 1px 1px #000;\">Comida \/ Suministros de carrera<\/li>\n<li class=\"fontzLeftDos\" style=\"color:#fff;text-shadow:1px 1px 1px #000;\">Alojamiento<\/li>\n<li class=\"fontzLeftDos\" style=\"color:#fff;text-shadow:1px 1px 1px #000;\">Otros servicios no especificados<\/li>\n<\/ul>\n<\/tr>\n<\/tbody>\n<\/table>\n<\/div>\n<\/div>\n<div>\n<div id=\"spoilerFourteen\" class=\"newJsSpoiler\">3. \u00bfC\u00f3mo me inscribo? \u00bfCu\u00e1les son los requisitos para entrar en la carrera?<\/div>\n<div class=\"innerDivStylz\">\n<p class=\"fontzLeftCuatro\">Los equipos interesados en participar en PATAGONIAN EXPEDITION RACE<sup class=\"perTrademark\">\u00ae<\/sup> deber\u00e1n cumplir \u00edntegramente con el proceso de inscripci\u00f3n descrito a continuaci\u00f3n: <\/p>\n<ol class=\"fontzLeftTres\">\n<li class=\"fontzLeftDos\">Completar el formulario de registro, asegur\u00e1ndose de leer y entender completamente todas las instrucciones y pol\u00edticas que se descritas en el.<\/li>\n<li class=\"fontzLeftDos\">Al hacer clic en ENVIAR, el usuario ser\u00e1 redirigido a Welcu, donde deber\u00e1 pagar la cuota de pre-inscripci\u00f3n de $ 60.00 USD (m\u00e1s comisi\u00f3n) de su equipo a trav\u00e9s de una tarjeta de cr\u00e9dito internacional. La organizaci\u00f3n no revisar\u00e1 la solicitud de un equipo hasta que finalice el pago.<\/li>\n<li class=\"fontzLeftDos\">Dentro de un mes de haber completado el registro, se enviar\u00e1 un correo electr\u00f3nico al capit\u00e1n del equipo, en caso de que su equipo haya sido aceptado o no. En el correo se adjuntar\u00e1 un c\u00f3digo especial para pagar la cuota de inscripci\u00f3n. Si un equipo no es aceptado, NO habr\u00e1 reembolso de la cuota de preinscripci\u00f3n. <\/li>\n<li class=\"fontzLeftDos\">Una vez aceptado, cada equipo tendr\u00e1 un plazo de 15 d\u00edas desde que recibi\u00f3 su link y c\u00f3digo de registro para pagar al menos el 50% de la cuota total de inscripci\u00f3n, dependiendo de la etapa actual de registro, y dentro de los 15 d\u00edas desde que recibi\u00f3 el c\u00f3digo de registro. Si un equipo no paga dentro de los 15 d\u00edas, no se garantiza su cupo en la carrera y podr\u00eda ser usado por otro equipo.<\/li>\n<li class=\"fontzLeftDos\">Todos los equipos deben tener en cuenta que el pago del segundo 50% debe efectuarse dentro del mismo per\u00edodo de pago, que se detalla a continuaci\u00f3n:<\/li>\n<p class=\"fontzLeft\"><strong>NOTA<\/strong>: Si un equipo no paga el segundo 50% en el mismo per\u00edodo de pago, el equipo debe pagar la diferencia en el precio total dentro del siguiente per\u00edodo dado. <\/p>\n<li class=\"fontzLeftDos\">Enviar todos los documentos y certificados personales que se exigen antes de la fecha determinada. Los documentos exigidos son:\n<ul class=\"fontz\" style=\"margin-left:20px;\">\n<li class=\"fontzLeftDos\">Certificado m\u00e9dico (no m\u00e1s de 6 meses de antig\u00fcedad) por un m\u00e9dico calificado. (para todos los miembros del equipo)<\/li>\n<li class=\"fontzLeftDos\">Certificado emitido por un instructor calificado, escuela o instituci\u00f3n que demuestre que el participante tiene conocimientos y experiencia en kayak de MAR (por lo menos uno de los miembros del equipo)<\/li>\n<li class=\"fontzLeftDos\">Certificaci\u00f3n de sus conocimientos y experiencia en manejo de cuerdas, incluyendo: cruce de r\u00edos, t\u00e9cnicas de rappel, y uso de ascendedores.<\/li>\n<li class=\"fontzLeftDos\">Certificado de conocimientos de primeros auxilios emitido por una instituci\u00f3n reconocida (al menos un miembro)<\/li>\n<li class=\"fontzLeftDos\">Copia digital de un seguro de salud internacional con cobertura m\u00e9dica y hospitalaria completa en Chile en caso de un accidente.<\/li>\n<\/ul>\n<\/li>\n<\/ol>\n<\/div>\n<\/div>\n<div>\n<div id=\"spoilerFifteen\" class=\"newJsSpoiler\">4. \u00bfCu\u00e1les son los requisitos para participar en Patagonian Expedition Race<sup class=\"perTrademark\">\u00ae<\/sup>?<\/div>\n<div class=\"innerDivStylz\">\n<p class=\"fontzLeftCuatro\"> Todos los equipos interesados en participar en PATAGONIAN EXPEDITION RACE<sup class=\"perTrademark\">\u00ae<\/sup> deber\u00e1n cumplir con los requisitos siguientes:<\/p>\n<ul class=\"fontzLeftTres\">\n<li class=\"fontzLeftDos\">Los participantes deben estar en condiciones f\u00edsicas y de salud compatibles con las exigencias de la carrera, lo que deber\u00e1 ser acreditado mediante un certificado m\u00e9dico. El certificado debe haber sido extendido a no m\u00e1s de 6 meses previos a la carrera, corredores que ya hayan participado en ediciones anteriores no pueden utilizar los certificados m\u00e9dicos previos.<\/li>\n<li class=\"fontzLeftDos\">Todos los competidores deben saber nadar. Por el hecho de inscribirse en la carrera, los participantes declaran saber nadar.<\/li>\n<li class=\"fontzLeftDos\">Todos los competidores deben tener conocimiento y experiencia en kayak de mar. Al menos un integrante del equipo deber\u00e1 acreditarlo mediante un certificado emitido por un instructor habilitado o por una escuela o instituci\u00f3n reconocida.<\/li>\n<li class=\"fontzLeftDos\">Todos los competidores deben tener conocimiento y experiencia en manejo de cuerdas, incluyendo especialmente cruce de r\u00edos, cuerda fija, rapel y ascenso con ascendedores, lo que deber\u00e1 ser acreditado mediante un certificado emitido por un instructor habilitado o por una escuela o instituci\u00f3n reconocida.<\/li>\n<li class=\"fontzLeftDos\">Al menos un integrante de cada equipo deber\u00e1 tener conocimiento y experiencia en orientaci\u00f3n, lo que comprende manejo de cartas topogr\u00e1ficas a cualquier escala, manejo del sistema UTM, uso de br\u00fajula incluyendo la declinaci\u00f3n y dominio de las t\u00e9cnicas de triangulaci\u00f3n.<\/li>\n<li class=\"fontzLeftDos\">Haber participado en carreras de expedici\u00f3n, carreras parecidas a Patagonian Expedition Race<sup class=\"perTrademark\">\u00ae<\/sup> y\/o tener experiencia en carreras de varios d\u00edas con etapas.<\/li>\n<\/ul>\n<\/div>\n<\/div>\n<div class=\"titleFontzContainer marginBottomz\">\n<h2 class=\"titleFontz\">Retiros y Reembolsos<\/h2>\n<\/div>\n<div>\n<div id=\"spoilerSixteen\" class=\"newJsSpoiler\">1. \u00bfCu\u00e1les es la pol\u00edtica de reembolso para Patagonian Expedition Race<sup class=\"perTrademark\">\u00ae<\/sup>?<\/div>\n<div class=\"innerDivStylz\">\n<p class=\"fontzLeftCuatro\">There are two options available for refunds: <\/p>\n<ol class=\"fontzLeftTres\">\n<li class=\"fontzLeftDos\">El equipo puede optar por recibir, en un plazo m\u00e1ximo de 30 d\u00edas, un reembolso del 50% del total pagado. Es decir, si un equipo ha pagado el 50% del total de inscripci\u00f3n y luego no puede participar, el equipo podr\u00eda recibir un reembolso del 25% del total.<\/li>\n<li class=\"fontzLeftDos\">El equipo tambi\u00e9n podr\u00eda optar por guardar el 100% del total pagado para la pr\u00f3xima edici\u00f3n (sin la opci\u00f3n de reembolso). Si un equipo s\u00f3lo ha pagado el 50% para garantizar su cupo en la carrera, la misma regla se aplicar\u00eda, lo que significa que la cantidad total se guardar\u00e1 para la pr\u00f3xima edici\u00f3n. <\/li>\n<\/ol>\n<\/div>\n<\/div>\n<div>\n<div id=\"spoilerSeventeen\" class=\"newJsSpoiler\">2. \u00bfQu\u00e9 pasa si mi equipo se retira de la competencia despu\u00e9s del cierre de inscripciones pero antes del comienzo de la expedici\u00f3n?<\/div>\n<div class=\"innerDivStylz\">\n<p class=\"fontzLeft\">Si un equipo se retira de la carrera despu\u00e9s de la fecha determinada, no habr\u00e1 reembolso. Si la raz\u00f3n para no participar se debe a que el equipo no cuenta con los 4 integrantes, siendo al menos uno del sexo opuesto, tendr\u00e1 la opci\u00f3n de encontrar un reemplazante, pero si no lo logra, el 75% del total pagado podr\u00e1 ser guardado para la pr\u00f3xima edici\u00f3n. Si el cupo no se utiliza para la pr\u00f3xima edici\u00f3n, entonces se perder\u00e1.<\/p>\n<\/div>\n<\/div>\n<\/div>\n<\/div>\n<\/div>\n<p><\/p>","protected":false},"excerpt":{"rendered":"<p>Estimados corredores, bienvenidos a la secci\u00f3n de preguntas del Patagonian Expedition Race\u00ae, aqu\u00ed pueden encontrar respuestas\u00a0 a todas sus dudas sobre la organizaci\u00f3n en general del evento. Cualquier inquietud adicional puedes contactarnos a\u00a0info@patagonianexpeditionrace.com. Informacion General 1. \u00bfCu\u00e1ndo se realizar\u00e1 la pr\u00f3xima edici\u00f3n de Patagonian Expedition Race\u00ae take place? \u00a1El retorno de Patagonian Expedition Race\u00ae ser\u00e1 [&hellip;]<\/p>\n","protected":false},"author":1,"featured_media":0,"parent":0,"menu_order":0,"comment_status":"closed","ping_status":"closed","template":"","meta":[],"_links":{"self":[{"href":"https:\/\/www.patagonianexpeditionrace.com\/es\/wp-json\/wp\/v2\/pages\/51"}],"collection":[{"href":"https:\/\/www.patagonianexpeditionrace.com\/es\/wp-json\/wp\/v2\/pages"}],"about":[{"href":"https:\/\/www.patagonianexpeditionrace.com\/es\/wp-json\/wp\/v2\/types\/page"}],"author":[{"embeddable":true,"href":"https:\/\/www.patagonianexpeditionrace.com\/es\/wp-json\/wp\/v2\/users\/1"}],"replies":[{"embeddable":true,"href":"https:\/\/www.patagonianexpeditionrace.com\/es\/wp-json\/wp\/v2\/comments?post=51"}],"version-history":[{"count":49,"href":"https:\/\/www.patagonianexpeditionrace.com\/es\/wp-json\/wp\/v2\/pages\/51\/revisions"}],"predecessor-version":[{"id":339,"href":"https:\/\/www.patagonianexpeditionrace.com\/es\/wp-json\/wp\/v2\/pages\/51\/revisions\/339"}],"wp:attachment":[{"href":"https:\/\/www.patagonianexpeditionrace.com\/es\/wp-json\/wp\/v2\/media?parent=51"}],"curies":[{"name":"wp","href":"https:\/\/api.w.org\/{rel}","templated":true}]}}