{"id":192,"date":"2023-06-26T18:27:10","date_gmt":"2023-06-26T18:27:10","guid":{"rendered":"https:\/\/pink.ultimatepatagonia.com\/?page_id=192"},"modified":"2023-10-19T14:10:32","modified_gmt":"2023-10-19T14:10:32","slug":"press-and-tv","status":"publish","type":"page","link":"https:\/\/www.patagonianexpeditionrace.com\/es\/press-and-tv","title":{"rendered":"Prensa y TV"},"content":{"rendered":"<p><\/p>\n<style>\n#bannerPage {\nbackground-image: url('https:\/\/cdn.racingpatagonia.com\/expedition\/slides\/slideshow_19_PatagoniaChileExpeditionRace.jpg') !important;\nbackground-position: 0em 0em;\n}\n.container {\n    max-width: none;\n    margin: 0 auto !important;\n    padding: 0;\n}\n.tableCatz {\nfont-size: 15px !important;\n}\ntd {\npadding: 3px !important;\n}\n.primeroRowz {\nfont-size: 18px !important;\n}\n.primeroColumnz {\nfont-size: 16px !important;\n}\n.tableStylingz {\nwidth: 100%;\ndisplay: table;\n}\n#backgroundChangeEquipment {\nbackground-color: #617020 !important;\ncolor: #fff;\ntext-shadow: 1px 1px 1px #000, 1px 1px 1px #000;\nfont-size: 13px;\npadding: 0px 10px !important;\n}\n.cellYellow {\npadding: 10px !important;\nbackground-color:#f8dc55;\ntext-align: left;\nvertical-align: top;\n}\n.cellBlack {\npadding: 10px !important;\nbackground-color:#515151;\ntext-align: left;\nvertical-align: top;\n}\n.cellBlackFont {\ncolor: #fff;\ntext-shadow: 1px 0px 1px #000;\n}\nli {\nfont-size: 15px;\n}\n.footerRowz {\nbackground-color: #fffbde;\n}\n.strongWhitePER {\ncolor:#fff;\ntext-shadow:1px 1px 2px #000, 0px 1px 1px #000, 0px 0px 1px #000;\n}\n.strongRed {\ncolor:#f00;\n}\n.subHeaderFont {\nfont-family: 'Futura';\nfont-size: 13px;\nfont-weight: bold;\ntext-align: center;\nmargin: 10px 0px !important;\n}\n#trademarkHistory {\nfont-family: Futura;\nfont-size: 12px;\nposition: relative;\ntop: -25px;\n}\n.containerGraph {\nborder: 3px solid #000;\ndisplay:flex;\nflex-direction:column;\nwidth: 100%;\ntext-align: center;\nmargin: 0 auto;\n}\n.videoContainer {\ndisplay:block;\ntext-align: center;\nmargin: 0 auto;\npadding-top: 30px;\n}\n.smallprintfontz {\nfont-size: 12px;\ntext-align: center;\ncolor: #000;\npadding: 5px !important;\nmargin-bottom: 0px !important;\nfont-family: Futura;\n}\n.smallPrintContainer {\nbackground-color: #fff799 !important;\nborder-top: 1px solid #000;\n}\n#hyphenz {\nposition: relative;\ntop: -7px;\nfont-family: 'Futura';\nmargin: 0px -5px;\nfont-size: 20px;\n}\n.fontz {\nmargin: 30px;\n}\n#tableGraphSplitz {\ndisplay: flex; \nwidth: 53%;\nflex-direction: column;\nalign-items: center;\njustify-content: center; \nmargin: 0 auto;\n}\n#splitTable {\nwidth: fit-content;\n}\n#splitGraph {\nwidth: auto;\n}\n.graphWidth {\nwidth: 100%;\nmargin: 0 auto;\ndisplay: block;\ntext-align:center;\n}\n.meses {\nfont-size: 1em;\npadding: 15px 5px 10px 5px !important;\nletter-spacing: 1px;\ntext-align: center;\ntext-shadow: 1px 1px 1px #000, 1px 1px 1px #000;\n}\n.hyphenYellow, .titleYellow {\ncolor: #fcdc2a;\ntext-shadow: 1px 1px 1px #000, 1px 1px 1px #000;\n}\ntd {\nfont-family: 'Futura';\n}\n.tableTrademarkz {\nfont-size:8px;\ntop:-5px;\nposition:relative;\n}\n.columnTo, .columnFrom, .columnYear {\nwidth: 20%;\n}\n.columnReference {\nwidth: 40%;\n}\n.hrLine:after {\n    background: linear-gradient(270deg,hsla(0,0%,100%,0),#ffd806 50%,hsla(0,0%,100%,0));\n    content: \"\";\n    height: 0.1em;\n    position: absolute;\n    width: 100%;\n    margin-top: 1em;\n}\n.blogQuotes {\nfont-family: Futura;\nfont-size: 20px;\ncolor: #000;\ntext-align: center;\nmargin: 30px 0px;\npadding: 10px;\nletter-spacing: 1px;\n}\n.blogQuotes:before {\n    content: \"\\201C\";\n    font-size: 4rem;\n    line-height: 0px;\n    margin: 0;\n    color: rgba(248, 220, 85, 0.5);\n    font-family: arial, sans-serif;\n    position: relative;\n    top: 0.6rem;\n    right: 0.4rem;\n}\n.fontDenominations {\nmargin: 0 auto;\ntext-align:center;\nwidth:75%;\n}\n#videoTrademark {\nfont-family: Futura;\nfont-size: 13px;\ntop: -8px;\n}\n.columnSorting {\ncolumns:2;\n-webkit-columns:2;\n-moz-columns: 2;\n}\n@media screen and (max-width: 736px) {\n#bannerPage {\nbackground-position: 75% !important;\n}\n.columnSorting {\ncolumns:1;\n-webkit-columns:1;\n-moz-columns: 1;\n}\n.videoContainer {\nwidth: fit-content !important;\nmargin: 0;\n}\n}\n@media screen and (max-width: 480px) { \n#bannerPage {\nbackground-position: 75% !important;\n}\n.columnSorting {\ncolumns:1;\n-webkit-columns:1;\n-moz-columns: 1;\n}\n.videoContainer {\nwidth: fit-content !important;\nmargin: 0;\n}\n}\n<\/style>\n<p class=\"fontz\">Desde su primera edici\u00f3n, <strong>Patagonian Expedition Race\u00ae<\/strong> ha capturado la atenci\u00f3n de la prensa internacional. Sus im\u00e1genes sorprendentes, su ambiente salvaje, su locaci\u00f3n en un extremo del mundo y la magnitud del desaf\u00edo humano han sido parte de su atractivo. Entre los medios de prensa y TV que han cubierto el evento se pueden destacar: BBC, National Geographic Traveller, National Geographic Adventure, CNN, The Telegraph, Reuters, Fox Sports, ESPN, NHK, SKY, Men\u00b4s Health, Eurosport, Geographical, Sport+, New York Times, Los Angeles Time, Wall Street Journal, GQ, Men&#8217;s Fitness, Daily Telegraph, Sport Magazine, FHM, The Independent, ABC News, NBC, Frankfurter Allgemeine Zeitung, Outdoor Japan, Outside Magazine, Outpost, Action Asia, O Globo, Outdoor Photographer, Real Travel, Arabic News, Outside TV, L\u00b4Equipe, Sleepmonsters, Extreme Sports, Gadling, Desnivel, etc. Sumando as\u00ed miles de publicaciones en m\u00e1s de treinta idiomas.<\/p>\n<h5 class=\"blogQuotes\">The World&#8217;s Last Wild Race.<\/h5>\n<div class=\"containerGraph\"><img decoding=\"async\" class=\"aligncenter\" alt=\"PER TV Press\" src=\"https:\/\/www.cdn.racingpatagonia.com\/expedition\/historia\/Press_TV_PER.png\" style=\"border: 3px solid #fcdc2a;\" \/><\/div>\n<p><\/p>\n<div class=\"titleSeperators\">\n<h3 class=\"seperatorTitles\">Denominaciones de la Prensa Internacional<\/h3>\n<\/div>\n<div class=\"fontDenominations\">\n<ul class=\"fontz columnSoring\">\n<li><strong>BBC:<\/strong> \u201cThe world&#8217;s last wild race\u201d<\/li>\n<li><strong>National Geographic:<\/strong> \u201cOne of the ten great races in amazing places\u201d<\/li>\n<li><strong>CNN International:<\/strong> \u201cOne of the 50 experiences to try before you die\u201d<\/li>\n<li><strong>Telegraph: <\/strong> \u201cWorld&#8217;s wildest race\u201d<\/li>\n<li><strong>The New York Times: <\/strong> \u201cOne of the world&#8217;s toughest sporting contests\u201d<\/li>\n<li><strong>Reuter:<\/strong> \u201cThe world&#8217;s toughest adventure race\u201d<\/li>\n<li><strong>Reuter:<\/strong> \u201cOne of the best reads of 2010\u201d<\/li>\n<li><strong>National Geographic Traveler: <\/strong> \u201cThe world&#8217;s greatest adventure in Chile\u201d<\/li>\n<li><strong>GQ Italia: <\/strong> \u201cLa gara di resistenza piu dura e affascinante del mondo\u201d<\/li>\n<\/ul>\n<\/div>\n<p class=\"fontz\">En su historia, <strong>Patagonian Expedition Race\u00ae<\/strong> ha logrado una extraordinaria cobertura de TV, en sus 12 ediciones acumula m\u00e1s de 4 mil horas distribuidas en m\u00e1s de 150 pa\u00edses. Sus documentales m\u00e1s exitosos fueron los de los a\u00f1os 2010, 2011 y 2012, siendo el 2011 el a\u00f1o de mayor alcance y el m\u00e1s premiado, sumando m\u00e1s de 1.500 horas de TV y siete reconocimientos internacionales en festivales de cine:<\/p>\n<div class=\"fontDenominations\">\n<ul class=\"fontz columnSorting\">\n<li>Best Environmental Film, <strong>Colorado Film Festival, USA<\/strong><\/li>\n<li>Best Environmental Film, <strong>Yosemite Film Festival, USA<\/strong><\/li>\n<li>Official Selection <strong>Breckenridge Festival of Film, USA<\/strong><\/li>\n<li>Official Selection <strong>Danish Film Festival, Denmark<\/strong><\/li>\n<li>Best Environmental Film, <strong>Colorado Film Festival, USA<\/strong><\/li>\n<li>Best Adventure Sport, <strong>Killarney Film Festival, Ireland<\/strong><\/li>\n<li>Finalist <strong>New Zealand Mountain Film Festival<\/strong><\/li>\n<li>Best Film, <strong>Vanka Regule Film Festival, Croatia<\/strong><\/li>\n<\/ul>\n<\/div>\n<h5 class=\"blogQuotes\">The World&#8217;s Toughest Adventure Race.<\/h5>\n<div class=\"titleSeperators\">\n<h3 class=\"seperatorTitles\">Patagonian Expedition Race<sup id=\"videoTrademark\">\u00ae<\/sup> 2011<\/h3>\n<\/div>\n<div class=\"videoContainer\">\n<video controls poster=\"https:\/\/cdn.racingpatagonia.com\/expedition\/images\/slideshow_2_PatagoniaChileExpeditionRace.jpg\" height=\"500\" id=\"perSupertease\" src=\"https:\/\/cdn.racingpatagonia.com\/expedition\/videos\/PER_2011_Supertease.mp4\"><\/video>\n<\/div>\n<p><\/p>","protected":false},"excerpt":{"rendered":"<p>Desde su primera edici\u00f3n, Patagonian Expedition Race\u00ae ha capturado la atenci\u00f3n de la prensa internacional. Sus im\u00e1genes sorprendentes, su ambiente salvaje, su locaci\u00f3n en un extremo del mundo y la magnitud del desaf\u00edo humano han sido parte de su atractivo. Entre los medios de prensa y TV que han cubierto el evento se pueden destacar: [&hellip;]<\/p>\n","protected":false},"author":1,"featured_media":0,"parent":0,"menu_order":0,"comment_status":"closed","ping_status":"closed","template":"","meta":[],"_links":{"self":[{"href":"https:\/\/www.patagonianexpeditionrace.com\/es\/wp-json\/wp\/v2\/pages\/192"}],"collection":[{"href":"https:\/\/www.patagonianexpeditionrace.com\/es\/wp-json\/wp\/v2\/pages"}],"about":[{"href":"https:\/\/www.patagonianexpeditionrace.com\/es\/wp-json\/wp\/v2\/types\/page"}],"author":[{"embeddable":true,"href":"https:\/\/www.patagonianexpeditionrace.com\/es\/wp-json\/wp\/v2\/users\/1"}],"replies":[{"embeddable":true,"href":"https:\/\/www.patagonianexpeditionrace.com\/es\/wp-json\/wp\/v2\/comments?post=192"}],"version-history":[{"count":35,"href":"https:\/\/www.patagonianexpeditionrace.com\/es\/wp-json\/wp\/v2\/pages\/192\/revisions"}],"predecessor-version":[{"id":326,"href":"https:\/\/www.patagonianexpeditionrace.com\/es\/wp-json\/wp\/v2\/pages\/192\/revisions\/326"}],"wp:attachment":[{"href":"https:\/\/www.patagonianexpeditionrace.com\/es\/wp-json\/wp\/v2\/media?parent=192"}],"curies":[{"name":"wp","href":"https:\/\/api.w.org\/{rel}","templated":true}]}}