{"id":10,"date":"2023-06-23T17:11:01","date_gmt":"2023-06-23T17:11:01","guid":{"rendered":"https:\/\/pink.ultimatepatagonia.com\/?page_id=10"},"modified":"2024-02-29T19:49:13","modified_gmt":"2024-02-29T19:49:13","slug":"about-the-expedition","status":"publish","type":"page","link":"https:\/\/www.patagonianexpeditionrace.com\/es\/about-the-expedition","title":{"rendered":"Acerca de la Expedicion"},"content":{"rendered":"<p><\/p>\n<style>\n#bannerPage {\nbackground-image: url('https:\/\/cdn.racingpatagonia.com\/expedition\/slides\/slideshow_24_PatagoniaChileExpeditionRace.jpg') !important;\nbackground-position: 0em 0em;\n}\ntd {\nborder: 1px solid #000;\n}\n.registered {\nfont-size: 9px;\nposition: relative;\ntop: -2px;\n}\n#iconContainer {\nposition: relative;\n}\n#logoTitleContainer {\nwidth: 100%;\nmargin: 0 auto;\ndisplay: flex;\nflex-flow: row;\nflex-shrink: inherit;\njustify-content: center;\nmargin: 50px 0px;\n}\n#titlezone {\nletter-spacing: 5px;\nfont-weight: 500;\nfont-size: 50px;\nposition: relative;\ncolor: #000;\ntext-shadow: 1px 1px 1px #ffd800, 1px 1px 1px #ffd800;\n}\n#titlezdos {\nfont-size: 23px;\nletter-spacing: 2px;\ntop: -11px;\ncolor: #ffd800;\ntext-shadow: 1px 1px 1px #000, 1px 1px 1px #000;\nposition: relative;\n}\n#perTitlez {\ntext-align:center;\nfont-family: '28_days_later';\n-webkit-font-smoothing: antialiased;\n-moz-osx-font-smoothing: grayscale !important;\nfont-weight: normal;\nline-height: 100%;\ntext-transform: uppercase;\nmargin-top: 25px;\nmargin-bottom: 0px;\n}\n.editiontitlez {\ntext-align: center;\ncolor: #000;\ntext-transform: uppercase;\ntext-shadow: 1px 0px 0px #ffd806, 1px 1px 0px #ffd806, 1px 1px 0px #ffd806;\nfont-family: '28_days_later';\nfont-weight: normal;\nletter-spacing: 2px;\n-webkit-font-smoothing: antialiased;\n-moz-osx-font-smoothing: grayscale !important;\nline-height: 100%;\nletter-spacing: 3px;\nmargin: 10px 0px;\n}\n.fontzPhotoContainer {\ntext-align: center;\ncolor: #fff;\nfont-weight: normal;\nfont-size: 11px;\n-webkit-font-smoothing: antialiased;\n-moz-osx-font-smoothing: grayscale !important;\nmargin-top: 15px;\npadding: 10px;\n}\n.adventureWorld {\nfont-family: '28_days_later';\nfont-weight: normal;\ntext-rendering: geometricPrecision;\n-webkit-font-smoothing: antialiased;\n-moz-osx-font-smoothing: grayscale !important;\ncolor: #ffd800;\ntext-shadow: 2px 1px 1px #000, 1px 0px 1px #000, 1px 1px 1px #000;\ntext-align:center;\nmargin: 10px 0px;\nletter-spacing: 2px;\ntext-transform: uppercase;\n}\n#continent {\nposition: relative;\nleft: 11px;\ntop: 50px;\n}\n.titleSeperators {\nbackground-color: #000;\nline-height: 15px;\n}\n.seperatorTitles {\nfont-family: '28_days_later';\nfont-weight: 100;\ntext-rendering: geometricPrecision;\n-webkit-font-smoothing: antialiased;\n-moz-osx-font-smoothing: grayscale !important;\ncolor: #ffd800;\ntext-shadow: 2px 2px 1px #000, 1px 1px 1px #000;\ntext-align:center;\npadding: 5px 2px 3px 2px;\nletter-spacing: 2px;\nmargin: 0 auto;\n}\n.container {\nmax-width: none;\nmargin: 0 auto !important;\npadding: 0;\n}\n.squeezed {\nmargin: 0em 2.5em;\n}\n@media (max-width: 960px) {\n#continent {\ndisplay: none;\n}\n#iconContainer {\ndisplay: none;\n}\n#titleContainer {\nmargin-top: 0px;\n}\n}\n@media (max-width: 510px) {\n#continent {\ndisplay: none;\n}\n}\n@media screen and (max-width: 736px) {\n#continent {\ndisplay: none;\n}\n#bannerPage {\nmargin-top: 170px;\n}\n#logoTitleContainer {\ndisplay: none;\n}\n}\n@media screen and (max-width: 480px) {\n#continent {\ndisplay: none;\n}\n#logoTitleContainer {\ndisplay: none;\n}\n@media screen and (max-width: 480px) and (orientation: portrait) {\n#bannerPage {\nmargin-top: 170px;\nbackground-position: -7em 0em;\n}\n}\n<\/style>\n<div id=\"logoTitleContainer\">\n<div id=\"titleContainer\">\n<h3 id=\"perTitlez\"><span id=\"titlezone\">The Last Wild Race<\/h3>\n<h4 class=\"adventureWorld\">The Adventure at the End of the World<\/h4>\n<h4 class=\"editiontitlez\" id=\"extraz\">PROXIMA EDICION<span style=\"font-family:Futura;position:relative;top:-5px;\">:<\/span> The Legend Will Be Continued&#8230;<\/h4>\n<\/div>\n<div id=\"iconContainer\"><img decoding=\"async\" id=\"continent\" src=\"https:\/\/cdn.racingpatagonia.com\/expedition\/panels\/per_ContinentIcono.png\" alt=\"PER Continent Icono\" width=\"50\" \/><\/div>\n<\/div>\n<p><\/p>\n<div class=\"titleSeperators\">\n<h2 class=\"seperatorTitles\">Concepto de Carrera<\/h2>\n<\/div>\n<p><\/p>\n<div class=\"squeezed\">\n<p class=\"fontz\"><strong>Patagonian Expedition Race\u00ae<\/strong> es una carrera de aventura en formato de expedici\u00f3n non stop a trav\u00e9s de la naturaleza salvaje de la Patagonia Austral, habitualmente tambi\u00e9n es denominada como \u201cThe Last Wild Race\u201d. Se compite en equipos mixtos de cuatro integrantes que deben permanecer juntos cubriendo distancias superiores a los 500 km enfrentando secciones de monta\u00f1ismo, trekking, trail running, mountain bike y kayak de traves\u00eda. Siendo fundamental el trabajo en equipo, las habilidades de orientaci\u00f3n, el manejo del sue\u00f1o y la alimentaci\u00f3n, los conocimientos de primeros auxilios y la estrategia de carrera. La ruta de carrera se revela s\u00f3lo 24hr antes de la partida y los equipos deben cumplir con el paso y los tiempos de corte en puntos definidos (<a href=\"https:\/\/www.patagonianexpeditionrace.com\/es\/general-rules#Art\u00edculo_1.1\" target=\"_blank\" Title=\"Rules Aricle 1.1\" rel=\"noopener noreferrer\">Art\u00edculo 1.1, Reglamento de Carrera<\/a>).<\/p>\n<\/div>\n<p><\/p>\n<div class=\"titleSeperators\">\n<h2 class=\"seperatorTitles\">La Ubicacion<\/h2>\n<\/div>\n<p><\/p>\n<div class=\"squeezed\">\n<p class=\"fontz\">La Regi\u00f3n de Magallanes y Ant\u00e1rtica Chilena (48\u00b036&#8242; a 56\u00b030&#8242; de Latitud Sur), corresponde a la Patagonia Austral de Chile, su capital es Punta Arenas y la segunda ciudad m\u00e1s poblada es Puerto Natales. La superficie regional es de 132.291,10 km2 en territorio Sudamericano. Seg\u00fan el Censo 2017 la poblaci\u00f3n total de la regi\u00f3n ser\u00eda de 166.533 habitantes, con una densidad de 1,26 habitantes por kil\u00f3metro cuadrado.<\/p>\n<p class=\"fontz\">La geograf\u00eda ha sido modelada por el trabajo de los glaciares, estos han dado formas majestuosas a los gigantes de granito y han construido un laberinto de fiordos e islas que suman m\u00e1s de 40.000 kil\u00f3metros de costa. A esto, se suma un clima inquieto e impredecible, a veces hostil, que complementa el car\u00e1cter duro y salvaje de \u00e9ste extremo sur de Patagonia.<\/p>\n<p class=\"fontz\">Adem\u00e1s de la denominaci\u00f3n \u201cPatagonia\u201d, otros que hitos que conforman este territorio son: Estrecho de Magallanes, Tierra del Fuego, Canal Beagle, Cabo de Hornos, Campo de Hielo Sur y Torres del Paine. A este conjunto se suma la Ant\u00e1rtica, que est\u00e1 a poco m\u00e1s de 1.000 Km hacia el sur. <\/p>\n<p class=\"fontz\">Magallanes es una de las regiones m\u00e1s extensas de Chile, sin embargo es una de las menos pobladas. M\u00e1s del 50% del territorio corresponde a \u00e1reas silvestres protegidas como reservas naturales, parques nacionales y reservas de la biosfera. As\u00ed, monta\u00f1as, campos de hielo, fiordos, islas, estepa, bosques y turbales conforman un ambiente pr\u00edstino donde aun es posible aislarse de la civilizaci\u00f3n y explorar la naturaleza en su estado m\u00e1s salvaje.<\/p>\n<p class=\"fontz\">Este es el territorio de todas nuestras operaciones, \u00e9ste es el hogar de <strong>Patagonian Expedition Race\u00ae<\/strong>.<\/p>\n<\/div>\n<p><\/p>","protected":false},"excerpt":{"rendered":"<p>The Last Wild Race The Adventure at the End of the World PROXIMA EDICION: The Legend Will Be Continued&#8230; Concepto de Carrera Patagonian Expedition Race\u00ae es una carrera de aventura en formato de expedici\u00f3n non stop a trav\u00e9s de la naturaleza salvaje de la Patagonia Austral, habitualmente tambi\u00e9n es denominada como \u201cThe Last Wild Race\u201d. [&hellip;]<\/p>\n","protected":false},"author":1,"featured_media":0,"parent":0,"menu_order":0,"comment_status":"closed","ping_status":"closed","template":"","meta":[],"_links":{"self":[{"href":"https:\/\/www.patagonianexpeditionrace.com\/es\/wp-json\/wp\/v2\/pages\/10"}],"collection":[{"href":"https:\/\/www.patagonianexpeditionrace.com\/es\/wp-json\/wp\/v2\/pages"}],"about":[{"href":"https:\/\/www.patagonianexpeditionrace.com\/es\/wp-json\/wp\/v2\/types\/page"}],"author":[{"embeddable":true,"href":"https:\/\/www.patagonianexpeditionrace.com\/es\/wp-json\/wp\/v2\/users\/1"}],"replies":[{"embeddable":true,"href":"https:\/\/www.patagonianexpeditionrace.com\/es\/wp-json\/wp\/v2\/comments?post=10"}],"version-history":[{"count":36,"href":"https:\/\/www.patagonianexpeditionrace.com\/es\/wp-json\/wp\/v2\/pages\/10\/revisions"}],"predecessor-version":[{"id":338,"href":"https:\/\/www.patagonianexpeditionrace.com\/es\/wp-json\/wp\/v2\/pages\/10\/revisions\/338"}],"wp:attachment":[{"href":"https:\/\/www.patagonianexpeditionrace.com\/es\/wp-json\/wp\/v2\/media?parent=10"}],"curies":[{"name":"wp","href":"https:\/\/api.w.org\/{rel}","templated":true}]}}